{"id":9938,"date":"2021-09-20T00:24:11","date_gmt":"2021-09-19T15:24:11","guid":{"rendered":"https:\/\/evp.sub.jp\/public\/?post_type=product&#038;p=9938"},"modified":"2021-11-10T15:35:25","modified_gmt":"2021-11-10T06:35:25","slug":"member-enroll","status":"publish","type":"product","link":"https:\/\/mintoku.jp\/vi\/product\/member-enroll\/","title":{"rendered":"Ri\u00eang bi\u1ec7t, c\u00e1 nh\u00e2n, c\u00e1 th\u1ec3"},"content":{"rendered":"","protected":false},"excerpt":{"rendered":"<p>\u0110\u00e2y l\u00e0 m\u1ed9t kh\u00f3a h\u1ecdc k\u00e9o d\u00e0i 6 th\u00e1ng cho ph\u00e9p b\u1ea1n s\u1eed d\u1ee5ng h\u1ec7 th\u1ed1ng h\u1ecdc t\u1eadp ki\u1ec3m tra c\u00e1c k\u1ef9 n\u0103ng c\u1ee5 th\u1ec3 Nh\u00e2n vi\u00ean ch\u0103m s\u00f3c \u0111i\u1ec1u d\u01b0\u1ee1ng.<br \/>\nNhi\u1ec1u ng\u01b0\u1eddi v\u01b0\u1ee3t qua k\u1ef3 thi trung b\u00ecnh trong v\u00e0i th\u00e1ng, v\u00ec v\u1eady ngay c\u1ea3 nh\u1eefng ng\u01b0\u1eddi b\u1eadn r\u1ed9n v\u1edbi c\u00f4ng vi\u1ec7c h\u00e0ng ng\u00e0y ho\u1eb7c tr\u01b0\u1eddng h\u1ecdc ti\u1ebfng Nh\u1eadt c\u1ee7a h\u1ecd c\u00f3 th\u1ec3 h\u1ecdc t\u1eadp hi\u1ec7u qu\u1ea3 trong th\u1eddi gian r\u1ea3nh r\u1ed7i c\u1ee7a h\u1ecd.<br \/>\nH\u01a1n n\u1eefa, sau khi v\u01b0\u1ee3t qua k\u1ef3 thi, k\u1ebf ho\u1ea1ch ban \u0111\u1ea7u c\u1ee7a h\u1ec7 th\u1ed1ng n\u00e0y s\u1ebd h\u1ed7 tr\u1ee3 b\u1ea1n cho \u0111\u1ebfn khi b\u1ea1n ki\u1ebfm \u0111\u01b0\u1ee3c vi\u1ec7c l\u00e0m t\u1ea1i c\u01a1 s\u1edf ch\u0103m s\u00f3c \u0111i\u1ec1u d\u01b0\u1ee1ng.<\/p>\n","protected":false},"featured_media":10225,"template":"","meta":[],"yoast_head":"<!-- This site is optimized with the Yoast SEO plugin v17.5 - https:\/\/yoast.com\/wordpress\/plugins\/seo\/ -->\n<title>Ri\u00eang bi\u1ec7t, c\u00e1 nh\u00e2n, c\u00e1 th\u1ec3 - \u307f\u3093\u306a\u306e\u7279\u5b9a\u6280\u80fd\uff08\u3068\u304f\u3066\u3044\u304e\u306e\u3046\uff09<\/title>\n<meta name=\"robots\" content=\"index, follow, max-snippet:-1, max-image-preview:large, max-video-preview:-1\" \/>\n<link rel=\"canonical\" href=\"https:\/\/mintoku.jp\/vi\/product\/member-enroll\/\" \/>\n<meta property=\"og:locale\" content=\"vi_VN\" \/>\n<meta property=\"og:type\" content=\"article\" \/>\n<meta property=\"og:title\" content=\"Ri\u00eang bi\u1ec7t, c\u00e1 nh\u00e2n, c\u00e1 th\u1ec3 - \u307f\u3093\u306a\u306e\u7279\u5b9a\u6280\u80fd\uff08\u3068\u304f\u3066\u3044\u304e\u306e\u3046\uff09\" \/>\n<meta property=\"og:description\" content=\"\u0110\u00e2y l\u00e0 m\u1ed9t kh\u00f3a h\u1ecdc k\u00e9o d\u00e0i 6 th\u00e1ng cho ph\u00e9p b\u1ea1n s\u1eed d\u1ee5ng h\u1ec7 th\u1ed1ng h\u1ecdc t\u1eadp ki\u1ec3m tra c\u00e1c k\u1ef9 n\u0103ng c\u1ee5 th\u1ec3 Nh\u00e2n vi\u00ean ch\u0103m s\u00f3c \u0111i\u1ec1u d\u01b0\u1ee1ng. Nhi\u1ec1u ng\u01b0\u1eddi v\u01b0\u1ee3t qua k\u1ef3 thi trung b\u00ecnh trong v\u00e0i th\u00e1ng, v\u00ec v\u1eady ngay c\u1ea3 nh\u1eefng ng\u01b0\u1eddi b\u1eadn r\u1ed9n v\u1edbi c\u00f4ng vi\u1ec7c h\u00e0ng ng\u00e0y ho\u1eb7c tr\u01b0\u1eddng h\u1ecdc ti\u1ebfng Nh\u1eadt c\u1ee7a h\u1ecd c\u00f3 th\u1ec3 h\u1ecdc t\u1eadp hi\u1ec7u qu\u1ea3 trong th\u1eddi gian r\u1ea3nh r\u1ed7i c\u1ee7a h\u1ecd. H\u01a1n n\u1eefa, sau khi v\u01b0\u1ee3t qua k\u1ef3 thi, k\u1ebf ho\u1ea1ch ban \u0111\u1ea7u c\u1ee7a h\u1ec7 th\u1ed1ng n\u00e0y s\u1ebd h\u1ed7 tr\u1ee3 b\u1ea1n cho \u0111\u1ebfn khi b\u1ea1n ki\u1ebfm \u0111\u01b0\u1ee3c vi\u1ec7c l\u00e0m t\u1ea1i c\u01a1 s\u1edf ch\u0103m s\u00f3c \u0111i\u1ec1u d\u01b0\u1ee1ng.\" \/>\n<meta property=\"og:url\" content=\"https:\/\/mintoku.jp\/vi\/product\/member-enroll\/\" \/>\n<meta property=\"og:site_name\" content=\"\u307f\u3093\u306a\u306e\u7279\u5b9a\u6280\u80fd\uff08\u3068\u304f\u3066\u3044\u304e\u306e\u3046\uff09\" \/>\n<meta property=\"article:modified_time\" content=\"2021-11-10T06:35:25+00:00\" \/>\n<meta property=\"og:image\" content=\"https:\/\/mintoku.jp\/wp-content\/uploads\/2021\/09\/member-enroll-vi.jpg\" \/>\n\t<meta property=\"og:image:width\" content=\"777\" \/>\n\t<meta property=\"og:image:height\" content=\"800\" \/>\n<meta name=\"twitter:card\" content=\"summary_large_image\" \/>\n<script type=\"application\/ld+json\" class=\"yoast-schema-graph\">{\"@context\":\"https:\/\/schema.org\",\"@graph\":[{\"@type\":\"WebSite\",\"@id\":\"https:\/\/mintoku.jp\/#website\",\"url\":\"https:\/\/mintoku.jp\/\",\"name\":\"\\u307f\\u3093\\u306a\\u306e\\u7279\\u5b9a\\u6280\\u80fd\\uff08\\u3068\\u304f\\u3066\\u3044\\u304e\\u306e\\u3046\\uff09\",\"description\":\"\\u7279\\u5b9a\\u6280\\u80fd\\u5b66\\u7fd2\\u30b5\\u30dd\\u30fc\\u30c8\\u30b5\\u30fc\\u30d3\\u30b9\",\"potentialAction\":[{\"@type\":\"SearchAction\",\"target\":{\"@type\":\"EntryPoint\",\"urlTemplate\":\"https:\/\/mintoku.jp\/?s={search_term_string}\"},\"query-input\":\"required name=search_term_string\"}],\"inLanguage\":\"vi-VN\"},{\"@type\":\"ImageObject\",\"@id\":\"https:\/\/mintoku.jp\/vi\/product\/member-enroll\/#primaryimage\",\"inLanguage\":\"vi-VN\",\"url\":\"https:\/\/mintoku.jp\/wp-content\/uploads\/2021\/09\/member-enroll-vi.jpg\",\"contentUrl\":\"https:\/\/mintoku.jp\/wp-content\/uploads\/2021\/09\/member-enroll-vi.jpg\",\"width\":777,\"height\":800},{\"@type\":\"WebPage\",\"@id\":\"https:\/\/mintoku.jp\/vi\/product\/member-enroll\/#webpage\",\"url\":\"https:\/\/mintoku.jp\/vi\/product\/member-enroll\/\",\"name\":\"Ri\\u00eang bi\\u1ec7t, c\\u00e1 nh\\u00e2n, c\\u00e1 th\\u1ec3 - \\u307f\\u3093\\u306a\\u306e\\u7279\\u5b9a\\u6280\\u80fd\\uff08\\u3068\\u304f\\u3066\\u3044\\u304e\\u306e\\u3046\\uff09\",\"isPartOf\":{\"@id\":\"https:\/\/mintoku.jp\/#website\"},\"primaryImageOfPage\":{\"@id\":\"https:\/\/mintoku.jp\/vi\/product\/member-enroll\/#primaryimage\"},\"datePublished\":\"2021-09-19T15:24:11+00:00\",\"dateModified\":\"2021-11-10T06:35:25+00:00\",\"breadcrumb\":{\"@id\":\"https:\/\/mintoku.jp\/vi\/product\/member-enroll\/#breadcrumb\"},\"inLanguage\":\"vi-VN\",\"potentialAction\":[{\"@type\":\"ReadAction\",\"target\":[\"https:\/\/mintoku.jp\/vi\/product\/member-enroll\/\"]}]},{\"@type\":\"BreadcrumbList\",\"@id\":\"https:\/\/mintoku.jp\/vi\/product\/member-enroll\/#breadcrumb\",\"itemListElement\":[{\"@type\":\"ListItem\",\"position\":1,\"name\":\"\\u30db\\u30fc\\u30e0\",\"item\":\"https:\/\/mintoku.jp\/vi\/\"},{\"@type\":\"ListItem\",\"position\":2,\"name\":\"Personal Plan\",\"item\":\"https:\/\/mintoku.jp\/vi\/shop\/\"},{\"@type\":\"ListItem\",\"position\":3,\"name\":\"Ri\\u00eang bi\\u1ec7t, c\\u00e1 nh\\u00e2n, c\\u00e1 th\\u1ec3\"}]}]}<\/script>\n<!-- \/ Yoast SEO plugin. -->","yoast_head_json":{"title":"Ri\u00eang bi\u1ec7t, c\u00e1 nh\u00e2n, c\u00e1 th\u1ec3 - \u307f\u3093\u306a\u306e\u7279\u5b9a\u6280\u80fd\uff08\u3068\u304f\u3066\u3044\u304e\u306e\u3046\uff09","robots":{"index":"index","follow":"follow","max-snippet":"max-snippet:-1","max-image-preview":"max-image-preview:large","max-video-preview":"max-video-preview:-1"},"canonical":"https:\/\/mintoku.jp\/vi\/product\/member-enroll\/","og_locale":"vi_VN","og_type":"article","og_title":"Ri\u00eang bi\u1ec7t, c\u00e1 nh\u00e2n, c\u00e1 th\u1ec3 - \u307f\u3093\u306a\u306e\u7279\u5b9a\u6280\u80fd\uff08\u3068\u304f\u3066\u3044\u304e\u306e\u3046\uff09","og_description":"\u0110\u00e2y l\u00e0 m\u1ed9t kh\u00f3a h\u1ecdc k\u00e9o d\u00e0i 6 th\u00e1ng cho ph\u00e9p b\u1ea1n s\u1eed d\u1ee5ng h\u1ec7 th\u1ed1ng h\u1ecdc t\u1eadp ki\u1ec3m tra c\u00e1c k\u1ef9 n\u0103ng c\u1ee5 th\u1ec3 Nh\u00e2n vi\u00ean ch\u0103m s\u00f3c \u0111i\u1ec1u d\u01b0\u1ee1ng. Nhi\u1ec1u ng\u01b0\u1eddi v\u01b0\u1ee3t qua k\u1ef3 thi trung b\u00ecnh trong v\u00e0i th\u00e1ng, v\u00ec v\u1eady ngay c\u1ea3 nh\u1eefng ng\u01b0\u1eddi b\u1eadn r\u1ed9n v\u1edbi c\u00f4ng vi\u1ec7c h\u00e0ng ng\u00e0y ho\u1eb7c tr\u01b0\u1eddng h\u1ecdc ti\u1ebfng Nh\u1eadt c\u1ee7a h\u1ecd c\u00f3 th\u1ec3 h\u1ecdc t\u1eadp hi\u1ec7u qu\u1ea3 trong th\u1eddi gian r\u1ea3nh r\u1ed7i c\u1ee7a h\u1ecd. H\u01a1n n\u1eefa, sau khi v\u01b0\u1ee3t qua k\u1ef3 thi, k\u1ebf ho\u1ea1ch ban \u0111\u1ea7u c\u1ee7a h\u1ec7 th\u1ed1ng n\u00e0y s\u1ebd h\u1ed7 tr\u1ee3 b\u1ea1n cho \u0111\u1ebfn khi b\u1ea1n ki\u1ebfm \u0111\u01b0\u1ee3c vi\u1ec7c l\u00e0m t\u1ea1i c\u01a1 s\u1edf ch\u0103m s\u00f3c \u0111i\u1ec1u d\u01b0\u1ee1ng.","og_url":"https:\/\/mintoku.jp\/vi\/product\/member-enroll\/","og_site_name":"\u307f\u3093\u306a\u306e\u7279\u5b9a\u6280\u80fd\uff08\u3068\u304f\u3066\u3044\u304e\u306e\u3046\uff09","article_modified_time":"2021-11-10T06:35:25+00:00","og_image":[{"width":777,"height":800,"url":"https:\/\/mintoku.jp\/wp-content\/uploads\/2021\/09\/member-enroll-vi.jpg","type":"image\/jpeg"}],"twitter_card":"summary_large_image","schema":{"@context":"https:\/\/schema.org","@graph":[{"@type":"WebSite","@id":"https:\/\/mintoku.jp\/#website","url":"https:\/\/mintoku.jp\/","name":"\u307f\u3093\u306a\u306e\u7279\u5b9a\u6280\u80fd\uff08\u3068\u304f\u3066\u3044\u304e\u306e\u3046\uff09","description":"\u7279\u5b9a\u6280\u80fd\u5b66\u7fd2\u30b5\u30dd\u30fc\u30c8\u30b5\u30fc\u30d3\u30b9","potentialAction":[{"@type":"SearchAction","target":{"@type":"EntryPoint","urlTemplate":"https:\/\/mintoku.jp\/?s={search_term_string}"},"query-input":"required name=search_term_string"}],"inLanguage":"vi-VN"},{"@type":"ImageObject","@id":"https:\/\/mintoku.jp\/vi\/product\/member-enroll\/#primaryimage","inLanguage":"vi-VN","url":"https:\/\/mintoku.jp\/wp-content\/uploads\/2021\/09\/member-enroll-vi.jpg","contentUrl":"https:\/\/mintoku.jp\/wp-content\/uploads\/2021\/09\/member-enroll-vi.jpg","width":777,"height":800},{"@type":"WebPage","@id":"https:\/\/mintoku.jp\/vi\/product\/member-enroll\/#webpage","url":"https:\/\/mintoku.jp\/vi\/product\/member-enroll\/","name":"Ri\u00eang bi\u1ec7t, c\u00e1 nh\u00e2n, c\u00e1 th\u1ec3 - \u307f\u3093\u306a\u306e\u7279\u5b9a\u6280\u80fd\uff08\u3068\u304f\u3066\u3044\u304e\u306e\u3046\uff09","isPartOf":{"@id":"https:\/\/mintoku.jp\/#website"},"primaryImageOfPage":{"@id":"https:\/\/mintoku.jp\/vi\/product\/member-enroll\/#primaryimage"},"datePublished":"2021-09-19T15:24:11+00:00","dateModified":"2021-11-10T06:35:25+00:00","breadcrumb":{"@id":"https:\/\/mintoku.jp\/vi\/product\/member-enroll\/#breadcrumb"},"inLanguage":"vi-VN","potentialAction":[{"@type":"ReadAction","target":["https:\/\/mintoku.jp\/vi\/product\/member-enroll\/"]}]},{"@type":"BreadcrumbList","@id":"https:\/\/mintoku.jp\/vi\/product\/member-enroll\/#breadcrumb","itemListElement":[{"@type":"ListItem","position":1,"name":"\u30db\u30fc\u30e0","item":"https:\/\/mintoku.jp\/vi\/"},{"@type":"ListItem","position":2,"name":"Personal Plan","item":"https:\/\/mintoku.jp\/vi\/shop\/"},{"@type":"ListItem","position":3,"name":"Ri\u00eang bi\u1ec7t, c\u00e1 nh\u00e2n, c\u00e1 th\u1ec3"}]}]}},"_links":{"self":[{"href":"https:\/\/mintoku.jp\/vi\/wp-json\/wp\/v2\/product\/9938"}],"collection":[{"href":"https:\/\/mintoku.jp\/vi\/wp-json\/wp\/v2\/product"}],"about":[{"href":"https:\/\/mintoku.jp\/vi\/wp-json\/wp\/v2\/types\/product"}],"version-history":[{"count":2,"href":"https:\/\/mintoku.jp\/vi\/wp-json\/wp\/v2\/product\/9938\/revisions"}],"predecessor-version":[{"id":14029,"href":"https:\/\/mintoku.jp\/vi\/wp-json\/wp\/v2\/product\/9938\/revisions\/14029"}],"wp:featuredmedia":[{"embeddable":true,"href":"https:\/\/mintoku.jp\/vi\/wp-json\/wp\/v2\/media\/10225"}],"wp:attachment":[{"href":"https:\/\/mintoku.jp\/vi\/wp-json\/wp\/v2\/media?parent=9938"}],"curies":[{"name":"wp","href":"https:\/\/api.w.org\/{rel}","templated":true}]}}